{"id":57,"date":"2026-02-20T19:07:56","date_gmt":"2026-02-20T19:07:56","guid":{"rendered":"https:\/\/kjp-windt.de\/?page_id=57"},"modified":"2026-02-20T19:07:56","modified_gmt":"2026-02-20T19:07:56","slug":"impressum","status":"publish","type":"page","link":"https:\/\/kjp-windt.de\/index.php\/impressum\/","title":{"rendered":"Impressum"},"content":{"rendered":"\n<pre class=\"wp-block-preformatted\">Angaben gem\u00e4\u00df \u00a7 5 TMG<br><br>Praxis f\u00fcr Kinder- und Jugendlichenpsychotherapie<br>Linus Windt<br>Jahnstra\u00dfe 23<br>24558 Henstedt-Ulzburg<br><br>Heilkundliche Leistungen sind nach \u00a74 Nr. 14 Umsatzsteuergesetz von der Umsatzsteuer befreit.<br><br>Kontakt:<br>Mobil: 015733187974<br>Email: info@kjp-windt.de<br>Homepage: www.kjp-windt.de<br><br><br>Zust\u00e4ndige Aufsichtsbeh\u00f6rden:<br>Landesamt f\u00fcr soziale Dienste Schleswig-Holstein<br>Steinmetzstra\u00dfe 1-11<br>24534 Neum\u00fcnster<br><br>Psychotherapeutenkammer Schleswig-Holstein<br>Sophienblatt 92-94<br>24114 Kiel<br><br>Berufsbezeichnung und besondere berufliche Regelungen<br>Berufsbezeichnung: Approbation als Kinder- und Jugendlichenpsychotherapeut <br>verliehen durch das Landespr\u00fcfungsamt Hamburg<br><br>berufsrechtliche Regelungen:<br>Psychotherapeutengesetz<br>Heilberufekammergesetz Schleswig-Holstein<br>Berufsordnung der Psychotherapeutenkammer Schleswig-Holstein<br>Geb\u00fchrenordnung der Psychologischen Psychotherapeut*innen und Kinder- und Jugendlichenpsychotherapeut*innen<br><br>Abrufbar unter www.pksh.de\/ueber-uns\/rechtliches<br><br>Hinweis<br>Gem\u00e4\u00df \u00a7 36 VSBG an Streitbeilegungsverfahren vor einer Verbraucherschlichtungsstelle nehme ich nicht teil und bin hierzu auch nicht verpflichtet.<br><br>Inhaltlich verantwortlich<br>gem\u00e4\u00df \u00a7 5, 6 TMG; \u00a7 10 MDStV: Linus Windt<br><br>Haftung f\u00fcr Inhalte<br><br>Als Diensteanbieter sind wir gem\u00e4\u00df \u00a7 7 Abs.1 TMG f\u00fcr eigene Inhalte auf diesen Seiten nach den allgemeinen Gesetzen verantwortlich. Nach \u00a7\u00a7 8 bis 10 TMG sind wir als Diensteanbieter jedoch nicht verpflichtet, \u00fcbermittelte oder gespeicherte fremde Informationen zu \u00fcberwachen oder nach Umst\u00e4nden zu forschen, die auf eine rechtswidrige T\u00e4tigkeit hinweisen.<br>Verpflichtungen zur Entfernung oder Sperrung der Nutzung von Informationen nach den allgemeinen Gesetzen bleiben hiervon unber\u00fchrt. Eine diesbez\u00fcgliche Haftung ist jedoch erst ab dem Zeitpunkt der Kenntnis einer konkreten Rechtsverletzung m\u00f6glich. Bei Bekanntwerden von entsprechenden Rechtsverletzungen werden wir diese Inhalte umgehend entfernen.<br><br>Haftung f\u00fcr Links<br>Unser Angebot enth\u00e4lt Links zu externen Websites Dritter, auf deren Inhalte wir keinen Einfluss haben. Deshalb k\u00f6nnen wir f\u00fcr diese fremden Inhalte auch keine Gew\u00e4hr \u00fcbernehmen. F\u00fcr die Inhalte der verlinkten Seiten ist stets der jeweilige Anbieter oder Betreiber der Seiten verantwortlich. Die verlinkten Seiten wurden zum Zeitpunkt der Verlinkung auf m\u00f6gliche Rechtsverst\u00f6\u00dfe \u00fcberpr\u00fcft. Rechtswidrige Inhalte waren zum Zeitpunkt der Verlinkung nicht erkennbar.<br><br>Eine permanente inhaltliche Kontrolle der verlinkten Seiten ist jedoch ohne konkrete Anhaltspunkte einer Rechtsverletzung nicht zumutbar. Bei Bekanntwerden von Rechtsverletzungen werden wir derartige Links umgehend entfernen.<br><br>Urheberrecht<br>Die durch die Seitenbetreiber erstellten Inhalte und Werke auf diesen Seiten unterliegen dem deutschen Urheberrecht. Die Vervielf\u00e4ltigung, Bearbeitung, Verbreitung und jede Art der Verwertung au\u00dferhalb der Grenzen des Urheberrechtes bed\u00fcrfen der schriftlichen Zustimmung des jeweiligen Autors bzw. Erstellers. Downloads und Kopien dieser Seite sind nur f\u00fcr den privaten, nicht kommerziellen Gebrauch gestattet.<br><br>Soweit die Inhalte auf dieser Seite nicht vom Betreiber erstellt wurden, werden die Urheberrechte Dritter beachtet. Insbesondere werden Inhalte Dritter als solche gekennzeichnet. Sollten Sie trotzdem auf eine Urheberrechtsverletzung aufmerksam werden, bitten wir um einen entsprechenden Hinweis. Bei Bekanntwerden von Rechtsverletzungen werden wir derartige Inhalte umgehend entfernen.<\/pre>\n\n\n\n<p><\/p>\n","protected":false},"excerpt":{"rendered":"<p>Angaben gem\u00e4\u00df \u00a7 5 TMGPraxis f\u00fcr Kinder- und JugendlichenpsychotherapieLinus WindtJahnstra\u00dfe 2324558 Henstedt-UlzburgHeilkundliche Leistungen sind nach \u00a74 Nr. 14 Umsatzsteuergesetz von der Umsatzsteuer befreit.Kontakt:Mobil: 015733187974Email: info@kjp-windt.deHomepage: www.kjp-windt.deZust\u00e4ndige Aufsichtsbeh\u00f6rden:Landesamt f\u00fcr soziale Dienste Schleswig-HolsteinSteinmetzstra\u00dfe 1-1124534 Neum\u00fcnsterPsychotherapeutenkammer Schleswig-HolsteinSophienblatt 92-9424114 KielBerufsbezeichnung und besondere berufliche RegelungenBerufsbezeichnung: Approbation als Kinder- und Jugendlichenpsychotherapeut verliehen durch das Landespr\u00fcfungsamt Hamburgberufsrechtliche Regelungen:PsychotherapeutengesetzHeilberufekammergesetz Schleswig-HolsteinBerufsordnung der Psychotherapeutenkammer Schleswig-HolsteinGeb\u00fchrenordnung &hellip; <\/p>\n<p class=\"link-more\"><a href=\"https:\/\/kjp-windt.de\/index.php\/impressum\/\" class=\"more-link\"><span class=\"screen-reader-text\">\u201eImpressum\u201c <\/span>weiterlesen<\/a><\/p>\n","protected":false},"author":1,"featured_media":0,"parent":0,"menu_order":0,"comment_status":"closed","ping_status":"closed","template":"","meta":{"_uag_custom_page_level_css":"","footnotes":""},"class_list":["post-57","page","type-page","status-publish","hentry"],"uagb_featured_image_src":{"full":false,"thumbnail":false,"medium":false,"medium_large":false,"large":false,"1536x1536":false,"2048x2048":false,"twentyseventeen-featured-image":false,"twentyseventeen-thumbnail-avatar":false},"uagb_author_info":{"display_name":"kjp-windt","author_link":"https:\/\/kjp-windt.de\/index.php\/author\/kjp-windt\/"},"uagb_comment_info":0,"uagb_excerpt":"Angaben gem\u00e4\u00df \u00a7 5 TMGPraxis f\u00fcr Kinder- und JugendlichenpsychotherapieLinus WindtJahnstra\u00dfe 2324558 Henstedt-UlzburgHeilkundliche Leistungen sind nach \u00a74 Nr. 14 Umsatzsteuergesetz von der Umsatzsteuer befreit.Kontakt:Mobil: 015733187974Email: info@kjp-windt.deHomepage: www.kjp-windt.deZust\u00e4ndige Aufsichtsbeh\u00f6rden:Landesamt f\u00fcr soziale Dienste Schleswig-HolsteinSteinmetzstra\u00dfe 1-1124534 Neum\u00fcnsterPsychotherapeutenkammer Schleswig-HolsteinSophienblatt 92-9424114 KielBerufsbezeichnung und besondere berufliche RegelungenBerufsbezeichnung: Approbation als Kinder- und Jugendlichenpsychotherapeut verliehen durch das Landespr\u00fcfungsamt Hamburgberufsrechtliche Regelungen:PsychotherapeutengesetzHeilberufekammergesetz Schleswig-HolsteinBerufsordnung der Psychotherapeutenkammer Schleswig-HolsteinGeb\u00fchrenordnung&hellip;","_links":{"self":[{"href":"https:\/\/kjp-windt.de\/index.php\/wp-json\/wp\/v2\/pages\/57","targetHints":{"allow":["GET"]}}],"collection":[{"href":"https:\/\/kjp-windt.de\/index.php\/wp-json\/wp\/v2\/pages"}],"about":[{"href":"https:\/\/kjp-windt.de\/index.php\/wp-json\/wp\/v2\/types\/page"}],"author":[{"embeddable":true,"href":"https:\/\/kjp-windt.de\/index.php\/wp-json\/wp\/v2\/users\/1"}],"replies":[{"embeddable":true,"href":"https:\/\/kjp-windt.de\/index.php\/wp-json\/wp\/v2\/comments?post=57"}],"version-history":[{"count":1,"href":"https:\/\/kjp-windt.de\/index.php\/wp-json\/wp\/v2\/pages\/57\/revisions"}],"predecessor-version":[{"id":58,"href":"https:\/\/kjp-windt.de\/index.php\/wp-json\/wp\/v2\/pages\/57\/revisions\/58"}],"wp:attachment":[{"href":"https:\/\/kjp-windt.de\/index.php\/wp-json\/wp\/v2\/media?parent=57"}],"curies":[{"name":"wp","href":"https:\/\/api.w.org\/{rel}","templated":true}]}}